{"id":9,"date":"2016-01-13T10:59:59","date_gmt":"2016-01-13T09:59:59","guid":{"rendered":"http:\/\/bktrans-sa.com\/fr\/?page_id=9"},"modified":"2018-06-21T15:26:08","modified_gmt":"2018-06-21T14:26:08","slug":"fret-maritime","status":"publish","type":"page","link":"https:\/\/bktrans-sa.com\/fr\/fret-maritime\/","title":{"rendered":"Fret Maritime"},"content":{"rendered":"<ul>\n<li>Charge du conteneur complet (FCL)<\/li>\n<li>Charge de conteneur de regroupement (LCL)<\/li>\n<li>Charge non conteneuris\u00e9 (NCL)<\/li>\n<li>Services intermodaux porte-\u00e0-porte<\/li>\n<li>Services de port- \u00e0- port, porte- \u00e0- port, port- \u00e0- porte<\/li>\n<li>Couverture mondiale de service de consolidation<\/li>\n<li>Pantainer ligne express (NVOCC)<\/li>\n<li>Le transport par camion, par rail et barge<\/li>\n<\/ul>\n<p>Des questions?<br \/>\nNos experts sont pr\u00eats \u00e0 aider. Entrez en contact et nous trouverons la bonne solution pour vos besoins.<br \/>\n<a href=\"http:\/\/bktrans-sa.com\/fr\/contactez-nous\/\">Contacez-Nous<\/a><\/p>\n","protected":false},"excerpt":{"rendered":"<p>Charge du conteneur complet (FCL) Charge de conteneur de regroupement (LCL) Charge non conteneuris\u00e9 (NCL) Services intermodaux porte-\u00e0-porte Services de port- \u00e0- port, porte- \u00e0- port, port- \u00e0- porte Couverture mondiale de service de consolidation Pantainer ligne express (NVOCC) Le transport par camion, par rail et barge Des questions? Nos experts sont pr\u00eats \u00e0 aider. [&hellip;]<\/p>\n","protected":false},"author":1,"featured_media":0,"parent":0,"menu_order":0,"comment_status":"closed","ping_status":"closed","template":"","meta":{"footnotes":""},"class_list":["post-9","page","type-page","status-publish","hentry"],"_links":{"self":[{"href":"https:\/\/bktrans-sa.com\/fr\/wp-json\/wp\/v2\/pages\/9","targetHints":{"allow":["GET"]}}],"collection":[{"href":"https:\/\/bktrans-sa.com\/fr\/wp-json\/wp\/v2\/pages"}],"about":[{"href":"https:\/\/bktrans-sa.com\/fr\/wp-json\/wp\/v2\/types\/page"}],"author":[{"embeddable":true,"href":"https:\/\/bktrans-sa.com\/fr\/wp-json\/wp\/v2\/users\/1"}],"replies":[{"embeddable":true,"href":"https:\/\/bktrans-sa.com\/fr\/wp-json\/wp\/v2\/comments?post=9"}],"version-history":[{"count":3,"href":"https:\/\/bktrans-sa.com\/fr\/wp-json\/wp\/v2\/pages\/9\/revisions"}],"predecessor-version":[{"id":157,"href":"https:\/\/bktrans-sa.com\/fr\/wp-json\/wp\/v2\/pages\/9\/revisions\/157"}],"wp:attachment":[{"href":"https:\/\/bktrans-sa.com\/fr\/wp-json\/wp\/v2\/media?parent=9"}],"curies":[{"name":"wp","href":"https:\/\/api.w.org\/{rel}","templated":true}]}}