{"id":7,"date":"2016-01-13T10:59:38","date_gmt":"2016-01-13T09:59:38","guid":{"rendered":"http:\/\/bktrans-sa.com\/fr\/?page_id=7"},"modified":"2018-06-21T15:44:47","modified_gmt":"2018-06-21T14:44:47","slug":"fret-aerien","status":"publish","type":"page","link":"https:\/\/bktrans-sa.com\/fr\/fret-aerien\/","title":{"rendered":"Fret a\u00e9rien"},"content":{"rendered":"<ul>\n<li>Centrale d&rsquo;achat et de la gestion de la capacit\u00e9 de transport de marchandises.<\/li>\n<li>Dans le monde entier r\u00e9seau hub et sub-hub avec \u00a0les vols exploit\u00e9s par BKTrans.<\/strong><\/span><\/li>\n<li>Coop\u00e9ration \u00e9troite avec des compagnies a\u00e9riennes<\/span><\/li>\n<li>S\u00e9lectionn\u00e9es de premi\u00e8re classe.<\/span><\/li>\n<li>Services porte-\u00e0-porte int\u00e9gr\u00e9s.<\/span><\/li>\n<li>Capacit\u00e9 de s&rsquo;adapter aux besoins sp\u00e9cifiques du client.<\/span><\/li>\n<li>Expertise globale dans les services d&rsquo;urgence et d&rsquo;affr\u00e8tement\u00a0 d\u2019avions.<\/span><\/li>\n<li>Cela permet \u00e0 BKTrans d\u2019offrir aux clients des solutions de logistique rentables.<\/span><\/li>\n<\/ul>\n<p>Des questions?<br \/>\nNos experts sont pr\u00eats \u00e0 aider. Entrez en contact et nous trouverons la bonne solution pour vos besoins.<br \/>\n<a href=\"http:\/\/bktrans-sa.com\/fr\/contactez-nous\/\">Contacez-Nous<\/a><\/p>\n","protected":false},"excerpt":{"rendered":"<p>Centrale d&rsquo;achat et de la gestion de la capacit\u00e9 de transport de marchandises. Dans le monde entier r\u00e9seau hub et sub-hub avec \u00a0les vols exploit\u00e9s par BKTrans. Coop\u00e9ration \u00e9troite avec des compagnies a\u00e9riennes S\u00e9lectionn\u00e9es de premi\u00e8re classe. Services porte-\u00e0-porte int\u00e9gr\u00e9s. Capacit\u00e9 de s&rsquo;adapter aux besoins sp\u00e9cifiques du client. Expertise globale dans les services d&rsquo;urgence et [&hellip;]<\/p>\n","protected":false},"author":1,"featured_media":0,"parent":0,"menu_order":0,"comment_status":"closed","ping_status":"closed","template":"","meta":{"footnotes":""},"class_list":["post-7","page","type-page","status-publish","hentry"],"_links":{"self":[{"href":"https:\/\/bktrans-sa.com\/fr\/wp-json\/wp\/v2\/pages\/7","targetHints":{"allow":["GET"]}}],"collection":[{"href":"https:\/\/bktrans-sa.com\/fr\/wp-json\/wp\/v2\/pages"}],"about":[{"href":"https:\/\/bktrans-sa.com\/fr\/wp-json\/wp\/v2\/types\/page"}],"author":[{"embeddable":true,"href":"https:\/\/bktrans-sa.com\/fr\/wp-json\/wp\/v2\/users\/1"}],"replies":[{"embeddable":true,"href":"https:\/\/bktrans-sa.com\/fr\/wp-json\/wp\/v2\/comments?post=7"}],"version-history":[{"count":9,"href":"https:\/\/bktrans-sa.com\/fr\/wp-json\/wp\/v2\/pages\/7\/revisions"}],"predecessor-version":[{"id":159,"href":"https:\/\/bktrans-sa.com\/fr\/wp-json\/wp\/v2\/pages\/7\/revisions\/159"}],"wp:attachment":[{"href":"https:\/\/bktrans-sa.com\/fr\/wp-json\/wp\/v2\/media?parent=7"}],"curies":[{"name":"wp","href":"https:\/\/api.w.org\/{rel}","templated":true}]}}